{"id":2638,"date":"2025-06-19T10:43:28","date_gmt":"2025-06-19T10:43:28","guid":{"rendered":"https:\/\/www.mrtc-parasito.org\/PMRTC\/?page_id=2638"},"modified":"2025-06-19T10:44:18","modified_gmt":"2025-06-19T10:44:18","slug":"historique-du-laboratoire","status":"publish","type":"page","link":"https:\/\/www.mrtc-parasito.org\/PMRTC\/fr\/historique-du-laboratoire\/","title":{"rendered":"Historique du Laboratoire"},"content":{"rendered":"\n<div class=\"wp-block-uagb-container uagb-block-1d194ac5 alignfull uagb-is-root-container\"><div class=\"uagb-container-inner-blocks-wrap\">\n<div class=\"wp-block-uagb-advanced-heading uagb-block-69d253a3 justify\"><p class=\"uagb-heading-text\">Le D\u00e9partement d\u2019\u00c9pid\u00e9miologie des Affections Parasitaires (DEAP) de la Facult\u00e9 de M\u00e9decine, de Pharmacie et d\u2019Odontostomatologie (FMPOS) de l\u2019USTTB, \u00e9tait une structure de formation et de recherche sur les parasitoses end\u00e9mo-\u00e9pid\u00e9miques qui pouvaient constituer un probl\u00e8me de sant\u00e9 publique au Mali. Il est issu du Laboratoire de Parasitologie M\u00e9dicale cr\u00e9\u00e9 en 1976 par le Professeur Philippe RANQUE. Ce laboratoire a \u00e9t\u00e9 \u00e9rig\u00e9 en D\u00e9partement d\u2019\u00c9pid\u00e9miologie des Affections Parasitaires en 1984 et Centre collaborateur OMS pour les \u00e9tudes sur les schistosomiases. Le DEAP comprenait deux importantes sections\u00a0: la section parasitologie-\u00e9pid\u00e9miologie et la section entomologie m\u00e9dicale. L\u2019\u00e9volution du DEAP s\u2019est caract\u00e9ris\u00e9e par la cr\u00e9ation en 1992, d\u2019un centre de recherche et de formation sur le paludisme, appel\u00e9 MRTC \u00abMalaria Research and Training Center\u00bb au sein des Facult\u00e9s de Pharmacie et de M\u00e9decine et d\u2019Odonto-Stomatologie, toutes relevant de l\u2019Universit\u00e9 des Sciences, des Techniques et des Technologies de Bamako. Ce centre est le fruit d\u2019une volont\u00e9 du gouvernement de la R\u00e9publique du Mali (Minist\u00e8re de la sant\u00e9, Minist\u00e8re de l\u2019\u00c9ducation) et des collaborations internationales d\u00e9velopp\u00e9es par le DEAP avec l\u2019Organisation Mondiale de la Sant\u00e9 (et notamment sa branche de recherche sur les maladies tropicales, TDR), les Instituts nationaux de la sant\u00e9 publique des USA (NIH), l\u2019Agence Internationale pour l\u2019Energie Atomique (AIEA), les Universit\u00e9s de Rome, de Marseille, de Tulane et du Maryland, la fondation Rockfeller et enfin l\u2019agence am\u00e9ricaine de coop\u00e9ration, l\u2019US-AID. Le MRTC a ensuite donn\u00e9 naissance au laboratoire de Formation et de Recherche sur les Parasites et les Microbes \u00ab\u00a0Parasites and Microbes Research and Training Center\u00a0(PMRTC)\u00bb cr\u00e9\u00e9 par D\u00e9cision N\u25e62024 000303\/MESRS \u2013 SG DU__________ (sign\u00e9 par le Ministre le 19 mars 2024).<\/p><\/div>\n\n\n\n<div class=\"wp-block-uagb-advanced-heading uagb-block-fb00712c\" data-aos=\"slide-right\" data-aos-duration=\"700\" data-aos-once=\"true\"><h2 class=\"uagb-heading-text\">Direction<\/h2><\/div>\n\n\n\n<div class=\"wp-block-uagb-advanced-heading uagb-block-5dbf8016 justify\"><p class=\"uagb-heading-text\">Professeur Abdoulaye DJIMDE, Parasitologie \u2013 Mycologie est le Directeur.<\/p><\/div>\n\n\n\n<div class=\"wp-block-uagb-advanced-heading uagb-block-57bc1969\" data-aos=\"slide-right\" data-aos-duration=\"700\" data-aos-once=\"true\"><h2 class=\"uagb-heading-text\">Champs d\u2019expertise<\/h2><\/div>\n\n\n\n<div class=\"wp-block-uagb-advanced-heading uagb-block-f938b828 justify\"><p class=\"uagb-heading-text\">Le PMRTC est dot\u00e9 de ressources qualifi\u00e9es dans divers domaines qui ont \u00e9t\u00e9 form\u00e9s pour la plupart dans le cadre de la vision de recherche multidisciplinaire. En effet, le centre dispose des \u00e9pid\u00e9miologistes, parasitologues, mycologues, pharmacologues, des entomologistes, v\u00e9t\u00e9rinaires, g\u00e9ographes, immunologistes, des g\u00e9n\u00e9ticiens, statisticiens, bioinformaticiens et \u00e9conomiste de la sant\u00e9, et collabore avec des institutions nationales et internationales sp\u00e9cialis\u00e9es dans d\u2019autres domaines. Le PMRTC m\u00e8ne des recherches sur le paludisme et d\u2019autres maladies tropicales, les viroses \u00e9mergentes, et aussi les liens entre vecteurs et les animaux (rongeurs) et ces maladies.<br>Diff\u00e9rentes Unit\u00e9s de Formation et de Recherche (UFR) composent le PMRTC. Les UFR sont dynamiques et se cr\u00e9ent en fonction des besoins et des comp\u00e9tences nouvelles qui se joignent\u00a0au\u00a0PMRTC.<\/p><\/div>\n<\/div><\/div>\n","protected":false},"excerpt":{"rendered":"<p>Le D\u00e9partement d\u2019\u00c9pid\u00e9miologie des Affections Parasitaires (DEAP) de la Facult\u00e9 de M\u00e9decine, de Pharmacie et d\u2019Odontostomatologie (FMPOS) de l\u2019USTTB, \u00e9tait une structure de formation et de recherche sur les parasitoses end\u00e9mo-\u00e9pid\u00e9miques qui pouvaient constituer un probl\u00e8me de sant\u00e9 publique au Mali. Il est issu du Laboratoire de Parasitologie M\u00e9dicale cr\u00e9\u00e9 en 1976 par le Professeur&#8230;<\/p>\n","protected":false},"author":1,"featured_media":0,"parent":0,"menu_order":0,"comment_status":"closed","ping_status":"closed","template":"","meta":{"_uag_custom_page_level_css":"","_kad_post_transparent":"disable","_kad_post_title":"","_kad_post_layout":"fullwidth","_kad_post_sidebar_id":"","_kad_post_content_style":"unboxed","_kad_post_vertical_padding":"hide","_kad_post_feature":"","_kad_post_feature_position":"","_kad_post_header":false,"_kad_post_footer":false,"_kad_post_classname":"","footnotes":""},"class_list":["post-2638","page","type-page","status-publish","hentry"],"uagb_featured_image_src":{"full":false,"thumbnail":false,"medium":false,"medium_large":false,"large":false,"1536x1536":false,"2048x2048":false},"uagb_author_info":{"display_name":"admin","author_link":"https:\/\/www.mrtc-parasito.org\/PMRTC\/author\/admin\/"},"uagb_comment_info":0,"uagb_excerpt":"Le D\u00e9partement d\u2019\u00c9pid\u00e9miologie des Affections Parasitaires (DEAP) de la Facult\u00e9 de M\u00e9decine, de Pharmacie et d\u2019Odontostomatologie (FMPOS) de l\u2019USTTB, \u00e9tait une structure de formation et de recherche sur les parasitoses end\u00e9mo-\u00e9pid\u00e9miques qui pouvaient constituer un probl\u00e8me de sant\u00e9 publique au Mali. Il est issu du Laboratoire de Parasitologie M\u00e9dicale cr\u00e9\u00e9 en 1976 par le Professeur...","rttpg_featured_image_url":null,"rttpg_author":{"display_name":"admin","author_link":"https:\/\/www.mrtc-parasito.org\/PMRTC\/author\/admin\/"},"rttpg_comment":0,"rttpg_category":" <a href=\"https:\/\/www.mrtc-parasito.org\/PMRTC\/fr\/\" rel=\"tag\">Fran\u00e7ais<\/a>","rttpg_excerpt":"Le D\u00e9partement d\u2019\u00c9pid\u00e9miologie des Affections Parasitaires (DEAP) de la Facult\u00e9 de M\u00e9decine, de Pharmacie et d\u2019Odontostomatologie (FMPOS) de l\u2019USTTB, \u00e9tait une structure de formation et de recherche sur les parasitoses end\u00e9mo-\u00e9pid\u00e9miques qui pouvaient constituer un probl\u00e8me de sant\u00e9 publique au Mali. Il est issu du Laboratoire de Parasitologie M\u00e9dicale cr\u00e9\u00e9 en 1976 par le Professeur...","_links":{"self":[{"href":"https:\/\/www.mrtc-parasito.org\/PMRTC\/wp-json\/wp\/v2\/pages\/2638","targetHints":{"allow":["GET"]}}],"collection":[{"href":"https:\/\/www.mrtc-parasito.org\/PMRTC\/wp-json\/wp\/v2\/pages"}],"about":[{"href":"https:\/\/www.mrtc-parasito.org\/PMRTC\/wp-json\/wp\/v2\/types\/page"}],"author":[{"embeddable":true,"href":"https:\/\/www.mrtc-parasito.org\/PMRTC\/wp-json\/wp\/v2\/users\/1"}],"replies":[{"embeddable":true,"href":"https:\/\/www.mrtc-parasito.org\/PMRTC\/wp-json\/wp\/v2\/comments?post=2638"}],"version-history":[{"count":1,"href":"https:\/\/www.mrtc-parasito.org\/PMRTC\/wp-json\/wp\/v2\/pages\/2638\/revisions"}],"predecessor-version":[{"id":2639,"href":"https:\/\/www.mrtc-parasito.org\/PMRTC\/wp-json\/wp\/v2\/pages\/2638\/revisions\/2639"}],"wp:attachment":[{"href":"https:\/\/www.mrtc-parasito.org\/PMRTC\/wp-json\/wp\/v2\/media?parent=2638"}],"curies":[{"name":"wp","href":"https:\/\/api.w.org\/{rel}","templated":true}]}}